{"id":1323,"date":"2022-12-08T18:30:09","date_gmt":"2022-12-08T17:30:09","guid":{"rendered":"http:\/\/poggeparpogge.be\/?page_id=1323"},"modified":"2023-01-26T11:52:27","modified_gmt":"2023-01-26T10:52:27","slug":"actualites-2","status":"publish","type":"page","link":"https:\/\/poggeparpogge.be\/index.php\/actualites-2\/","title":{"rendered":"ACTUALITES"},"content":{"rendered":"\t\t<div data-elementor-type=\"wp-page\" data-elementor-id=\"1323\" class=\"elementor elementor-1323\">\n\t\t\t\t\t\t\t\t\t<header class=\"elementor-section elementor-top-section elementor-element elementor-element-9b8ea44 elementor-section-stretched elementor-section-boxed elementor-section-height-default elementor-section-height-default\" data-id=\"9b8ea44\" data-element_type=\"section\" data-settings=\"{&quot;stretch_section&quot;:&quot;section-stretched&quot;}\">\n\t\t\t\t\t\t<div class=\"elementor-container elementor-column-gap-narrow\">\n\t\t\t\t\t<div class=\"elementor-column elementor-col-50 elementor-top-column elementor-element elementor-element-46d5864\" data-id=\"46d5864\" data-element_type=\"column\">\n\t\t\t<div class=\"elementor-widget-wrap elementor-element-populated\">\n\t\t\t\t\t\t\t\t<div class=\"elementor-element elementor-element-7f4843f elementor-widget elementor-widget-image\" data-id=\"7f4843f\" data-element_type=\"widget\" data-widget_type=\"image.default\">\n\t\t\t\t<div class=\"elementor-widget-container\">\n\t\t\t<style>\/*! elementor - v3.9.0 - 06-12-2022 *\/\n.elementor-widget-image{text-align:center}.elementor-widget-image a{display:inline-block}.elementor-widget-image a img[src$=\".svg\"]{width:48px}.elementor-widget-image img{vertical-align:middle;display:inline-block}<\/style>\t\t\t\t\t\t\t\t\t\t\t\t\t<a href=\"http:\/\/poggeparpogge.be\/\">\n\t\t\t\t\t\t\t<img loading=\"lazy\" decoding=\"async\" width=\"150\" height=\"150\" src=\"https:\/\/poggeparpogge.be\/wp-content\/uploads\/2022\/12\/cropped-87ECD595-5C9A-404B-8BD0-8E4616A3D6DA-1-150x150.png\" class=\"attachment-thumbnail size-thumbnail wp-image-34\" alt=\"\" srcset=\"https:\/\/poggeparpogge.be\/wp-content\/uploads\/2022\/12\/cropped-87ECD595-5C9A-404B-8BD0-8E4616A3D6DA-1-150x150.png 150w, https:\/\/poggeparpogge.be\/wp-content\/uploads\/2022\/12\/elementor\/thumbs\/cropped-87ECD595-5C9A-404B-8BD0-8E4616A3D6DA-1-pyrkzfvoccjnsdynse23efl3c6gdvq3sk4jdf2y2ew.png 300w, https:\/\/poggeparpogge.be\/wp-content\/uploads\/2022\/12\/cropped-87ECD595-5C9A-404B-8BD0-8E4616A3D6DA-1-1024x1024.png 1024w, https:\/\/poggeparpogge.be\/wp-content\/uploads\/2022\/12\/cropped-87ECD595-5C9A-404B-8BD0-8E4616A3D6DA-1-768x768.png 768w, https:\/\/poggeparpogge.be\/wp-content\/uploads\/2022\/12\/cropped-87ECD595-5C9A-404B-8BD0-8E4616A3D6DA-1-1536x1536.png 1536w, https:\/\/poggeparpogge.be\/wp-content\/uploads\/2022\/12\/cropped-87ECD595-5C9A-404B-8BD0-8E4616A3D6DA-1-2048x2048.png 2048w, https:\/\/poggeparpogge.be\/wp-content\/uploads\/2022\/12\/elementor\/thumbs\/cropped-87ECD595-5C9A-404B-8BD0-8E4616A3D6DA-1-pyrkzfvnqf5fzdvskxmice5wtickjuhxm88scdpgec.png 250w, https:\/\/poggeparpogge.be\/wp-content\/uploads\/2022\/12\/elementor\/thumbs\/cropped-87ECD595-5C9A-404B-8BD0-8E4616A3D6DA-1-pyrkzfvn4hr86dsxdh6xacqqau8r7yw2oby79oguds.png 200w\" sizes=\"auto, (max-width: 150px) 100vw, 150px\" \/>\t\t\t\t\t\t\t\t<\/a>\n\t\t\t\t\t\t\t\t\t\t\t\t\t\t\t<\/div>\n\t\t\t\t<\/div>\n\t\t\t\t\t<\/div>\n\t\t<\/div>\n\t\t\t\t<div class=\"elementor-column elementor-col-50 elementor-top-column elementor-element elementor-element-ee9c3e4\" data-id=\"ee9c3e4\" data-element_type=\"column\">\n\t\t\t<div class=\"elementor-widget-wrap elementor-element-populated\">\n\t\t\t\t\t\t\t\t<div class=\"elementor-element elementor-element-c7d4f5f elementor-align-left elementor-tablet-align-center elementor-mobile-align-left elementor-widget elementor-widget-button\" data-id=\"c7d4f5f\" data-element_type=\"widget\" data-widget_type=\"button.default\">\n\t\t\t\t<div class=\"elementor-widget-container\">\n\t\t\t\t\t<div class=\"elementor-button-wrapper\">\n\t\t\t<a href=\"http:\/\/poggeparpogge.be\/index.php\/projet\/\" class=\"elementor-button-link elementor-button elementor-size-xs\" role=\"button\">\n\t\t\t\t\t\t<span class=\"elementor-button-content-wrapper\">\n\t\t\t\t\t\t<span class=\"elementor-button-text\">LE PROJET<\/span>\n\t\t<\/span>\n\t\t\t\t\t<\/a>\n\t\t<\/div>\n\t\t\t\t<\/div>\n\t\t\t\t<\/div>\n\t\t\t\t<div class=\"elementor-element elementor-element-449caab elementor-align-left elementor-tablet-align-center elementor-mobile-align-left elementor-widget elementor-widget-button\" data-id=\"449caab\" data-element_type=\"widget\" data-widget_type=\"button.default\">\n\t\t\t\t<div class=\"elementor-widget-container\">\n\t\t\t\t\t<div class=\"elementor-button-wrapper\">\n\t\t\t<a href=\"#\" class=\"elementor-button-link elementor-button elementor-size-xs\" role=\"button\">\n\t\t\t\t\t\t<span class=\"elementor-button-content-wrapper\">\n\t\t\t\t\t\t<span class=\"elementor-button-text\">ACTUALIT\u00c9S<\/span>\n\t\t<\/span>\n\t\t\t\t\t<\/a>\n\t\t<\/div>\n\t\t\t\t<\/div>\n\t\t\t\t<\/div>\n\t\t\t\t<div class=\"elementor-element elementor-element-b826984 elementor-tablet-align-center elementor-mobile-align-left elementor-widget elementor-widget-button\" data-id=\"b826984\" data-element_type=\"widget\" data-widget_type=\"button.default\">\n\t\t\t\t<div class=\"elementor-widget-container\">\n\t\t\t\t\t<div class=\"elementor-button-wrapper\">\n\t\t\t<a href=\"http:\/\/poggeparpogge.be\/index.php\/contact-2\/\" class=\"elementor-button-link elementor-button elementor-size-xs\" role=\"button\">\n\t\t\t\t\t\t<span class=\"elementor-button-content-wrapper\">\n\t\t\t\t\t\t<span class=\"elementor-button-text\">l'\u00e9quipe<\/span>\n\t\t<\/span>\n\t\t\t\t\t<\/a>\n\t\t<\/div>\n\t\t\t\t<\/div>\n\t\t\t\t<\/div>\n\t\t\t\t\t<\/div>\n\t\t<\/div>\n\t\t\t\t\t\t\t<\/div>\n\t\t<\/header>\n\t\t\t\t<section class=\"elementor-section elementor-top-section elementor-element elementor-element-278b50b elementor-section-boxed elementor-section-height-default elementor-section-height-default\" data-id=\"278b50b\" data-element_type=\"section\">\n\t\t\t\t\t\t<div class=\"elementor-container elementor-column-gap-default\">\n\t\t\t\t\t<div class=\"elementor-column elementor-col-100 elementor-top-column elementor-element elementor-element-7abf56e\" data-id=\"7abf56e\" data-element_type=\"column\">\n\t\t\t<div class=\"elementor-widget-wrap elementor-element-populated\">\n\t\t\t\t\t\t\t\t<div class=\"elementor-element elementor-element-88f78db elementor-widget elementor-widget-spacer\" data-id=\"88f78db\" data-element_type=\"widget\" data-widget_type=\"spacer.default\">\n\t\t\t\t<div class=\"elementor-widget-container\">\n\t\t\t<style>\/*! elementor - v3.9.0 - 06-12-2022 *\/\n.elementor-column .elementor-spacer-inner{height:var(--spacer-size)}.e-con{--container-widget-width:100%}.e-con-inner>.elementor-widget-spacer,.e-con>.elementor-widget-spacer{width:var(--container-widget-width,var(--spacer-size));--align-self:var(--container-widget-align-self,initial);--flex-shrink:0}.e-con-inner>.elementor-widget-spacer>.elementor-widget-container,.e-con-inner>.elementor-widget-spacer>.elementor-widget-container>.elementor-spacer,.e-con>.elementor-widget-spacer>.elementor-widget-container,.e-con>.elementor-widget-spacer>.elementor-widget-container>.elementor-spacer{height:100%}.e-con-inner>.elementor-widget-spacer>.elementor-widget-container>.elementor-spacer>.elementor-spacer-inner,.e-con>.elementor-widget-spacer>.elementor-widget-container>.elementor-spacer>.elementor-spacer-inner{height:var(--container-widget-height,var(--spacer-size))}<\/style>\t\t<div class=\"elementor-spacer\">\n\t\t\t<div class=\"elementor-spacer-inner\"><\/div>\n\t\t<\/div>\n\t\t\t\t<\/div>\n\t\t\t\t<\/div>\n\t\t\t\t\t<\/div>\n\t\t<\/div>\n\t\t\t\t\t\t\t<\/div>\n\t\t<\/section>\n\t\t\t\t<section class=\"elementor-section elementor-top-section elementor-element elementor-element-2c23f7c elementor-section-boxed elementor-section-height-default elementor-section-height-default\" data-id=\"2c23f7c\" data-element_type=\"section\">\n\t\t\t\t\t\t<div class=\"elementor-container elementor-column-gap-default\">\n\t\t\t\t\t<div class=\"elementor-column elementor-col-50 elementor-top-column elementor-element elementor-element-f6848ef\" data-id=\"f6848ef\" data-element_type=\"column\">\n\t\t\t<div class=\"elementor-widget-wrap elementor-element-populated\">\n\t\t\t\t\t\t\t\t<div class=\"elementor-element elementor-element-725bab5 elementor-widget elementor-widget-image\" data-id=\"725bab5\" data-element_type=\"widget\" data-widget_type=\"image.default\">\n\t\t\t\t<div class=\"elementor-widget-container\">\n\t\t\t\t\t\t\t\t\t\t\t\t\t\t\t\t<a href=\"https:\/\/poggeparpogge.be\/index.php\/2022\/12\/08\/depot-stib-2\/\">\n\t\t\t\t\t\t\t<img decoding=\"async\" src=\"https:\/\/poggeparpogge.be\/wp-content\/uploads\/2022\/12\/img2-2-scaled.jpg\" title=\"img2\" alt=\"img2\" \/>\t\t\t\t\t\t\t\t<\/a>\n\t\t\t\t\t\t\t\t\t\t\t\t\t\t\t<\/div>\n\t\t\t\t<\/div>\n\t\t\t\t\t<\/div>\n\t\t<\/div>\n\t\t\t\t<div class=\"elementor-column elementor-col-50 elementor-top-column elementor-element elementor-element-9b6a92e\" data-id=\"9b6a92e\" data-element_type=\"column\">\n\t\t\t<div class=\"elementor-widget-wrap elementor-element-populated\">\n\t\t\t\t\t\t\t\t<div class=\"elementor-element elementor-element-e37a901 elementor-widget elementor-widget-heading\" data-id=\"e37a901\" data-element_type=\"widget\" data-widget_type=\"heading.default\">\n\t\t\t\t<div class=\"elementor-widget-container\">\n\t\t\t<style>\/*! elementor - v3.9.0 - 06-12-2022 *\/\n.elementor-heading-title{padding:0;margin:0;line-height:1}.elementor-widget-heading .elementor-heading-title[class*=elementor-size-]>a{color:inherit;font-size:inherit;line-height:inherit}.elementor-widget-heading .elementor-heading-title.elementor-size-small{font-size:15px}.elementor-widget-heading .elementor-heading-title.elementor-size-medium{font-size:19px}.elementor-widget-heading .elementor-heading-title.elementor-size-large{font-size:29px}.elementor-widget-heading .elementor-heading-title.elementor-size-xl{font-size:39px}.elementor-widget-heading .elementor-heading-title.elementor-size-xxl{font-size:59px}<\/style><h2 class=\"elementor-heading-title elementor-size-default\"><b>Quoi ? Un festival ?!<\/b><\/h2>\t\t<\/div>\n\t\t\t\t<\/div>\n\t\t\t\t<div class=\"elementor-element elementor-element-bf6b3e0 elementor-widget-divider--view-line elementor-widget elementor-widget-divider\" data-id=\"bf6b3e0\" data-element_type=\"widget\" data-widget_type=\"divider.default\">\n\t\t\t\t<div class=\"elementor-widget-container\">\n\t\t\t<style>\/*! elementor - v3.9.0 - 06-12-2022 *\/\n.elementor-widget-divider{--divider-border-style:none;--divider-border-width:1px;--divider-color:#2c2c2c;--divider-icon-size:20px;--divider-element-spacing:10px;--divider-pattern-height:24px;--divider-pattern-size:20px;--divider-pattern-url:none;--divider-pattern-repeat:repeat-x}.elementor-widget-divider .elementor-divider{display:flex}.elementor-widget-divider .elementor-divider__text{font-size:15px;line-height:1;max-width:95%}.elementor-widget-divider .elementor-divider__element{margin:0 var(--divider-element-spacing);flex-shrink:0}.elementor-widget-divider .elementor-icon{font-size:var(--divider-icon-size)}.elementor-widget-divider .elementor-divider-separator{display:flex;margin:0;direction:ltr}.elementor-widget-divider--view-line_icon .elementor-divider-separator,.elementor-widget-divider--view-line_text .elementor-divider-separator{align-items:center}.elementor-widget-divider--view-line_icon .elementor-divider-separator:after,.elementor-widget-divider--view-line_icon .elementor-divider-separator:before,.elementor-widget-divider--view-line_text .elementor-divider-separator:after,.elementor-widget-divider--view-line_text .elementor-divider-separator:before{display:block;content:\"\";border-bottom:0;flex-grow:1;border-top:var(--divider-border-width) var(--divider-border-style) var(--divider-color)}.elementor-widget-divider--element-align-left .elementor-divider .elementor-divider-separator>.elementor-divider__svg:first-of-type{flex-grow:0;flex-shrink:100}.elementor-widget-divider--element-align-left .elementor-divider-separator:before{content:none}.elementor-widget-divider--element-align-left .elementor-divider__element{margin-left:0}.elementor-widget-divider--element-align-right .elementor-divider .elementor-divider-separator>.elementor-divider__svg:last-of-type{flex-grow:0;flex-shrink:100}.elementor-widget-divider--element-align-right .elementor-divider-separator:after{content:none}.elementor-widget-divider--element-align-right .elementor-divider__element{margin-right:0}.elementor-widget-divider:not(.elementor-widget-divider--view-line_text):not(.elementor-widget-divider--view-line_icon) .elementor-divider-separator{border-top:var(--divider-border-width) var(--divider-border-style) var(--divider-color)}.elementor-widget-divider--separator-type-pattern{--divider-border-style:none}.elementor-widget-divider--separator-type-pattern.elementor-widget-divider--view-line .elementor-divider-separator,.elementor-widget-divider--separator-type-pattern:not(.elementor-widget-divider--view-line) .elementor-divider-separator:after,.elementor-widget-divider--separator-type-pattern:not(.elementor-widget-divider--view-line) .elementor-divider-separator:before,.elementor-widget-divider--separator-type-pattern:not([class*=elementor-widget-divider--view]) .elementor-divider-separator{width:100%;min-height:var(--divider-pattern-height);-webkit-mask-size:var(--divider-pattern-size) 100%;mask-size:var(--divider-pattern-size) 100%;-webkit-mask-repeat:var(--divider-pattern-repeat);mask-repeat:var(--divider-pattern-repeat);background-color:var(--divider-color);-webkit-mask-image:var(--divider-pattern-url);mask-image:var(--divider-pattern-url)}.elementor-widget-divider--no-spacing{--divider-pattern-size:auto}.elementor-widget-divider--bg-round{--divider-pattern-repeat:round}.rtl .elementor-widget-divider .elementor-divider__text{direction:rtl}.e-con-inner>.elementor-widget-divider,.e-con>.elementor-widget-divider{width:var(--container-widget-width);--flex-grow:var(--container-widget-flex-grow)}<\/style>\t\t<div class=\"elementor-divider\">\n\t\t\t<span class=\"elementor-divider-separator\">\n\t\t\t\t\t\t<\/span>\n\t\t<\/div>\n\t\t\t\t<\/div>\n\t\t\t\t<\/div>\n\t\t\t\t<div class=\"elementor-element elementor-element-1ffa982 elementor-widget elementor-widget-text-editor\" data-id=\"1ffa982\" data-element_type=\"widget\" data-widget_type=\"text-editor.default\">\n\t\t\t\t<div class=\"elementor-widget-container\">\n\t\t\t<style>\/*! elementor - v3.9.0 - 06-12-2022 *\/\n.elementor-widget-text-editor.elementor-drop-cap-view-stacked .elementor-drop-cap{background-color:#818a91;color:#fff}.elementor-widget-text-editor.elementor-drop-cap-view-framed .elementor-drop-cap{color:#818a91;border:3px solid;background-color:transparent}.elementor-widget-text-editor:not(.elementor-drop-cap-view-default) .elementor-drop-cap{margin-top:8px}.elementor-widget-text-editor:not(.elementor-drop-cap-view-default) .elementor-drop-cap-letter{width:1em;height:1em}.elementor-widget-text-editor .elementor-drop-cap{float:left;text-align:center;line-height:1;font-size:50px}.elementor-widget-text-editor .elementor-drop-cap-letter{display:inline-block}<\/style>\t\t\t\t<section class=\"elementor-section elementor-top-section elementor-element elementor-element-8284606 elementor-section-boxed elementor-section-height-default elementor-section-height-default\" data-id=\"8284606\" data-element_type=\"section\"><div class=\"elementor-container elementor-column-gap-default\"><div class=\"elementor-column elementor-col-50 elementor-top-column elementor-element elementor-element-7d48433\" data-id=\"7d48433\" data-element_type=\"column\"><div class=\"elementor-widget-wrap elementor-element-populated\"><div class=\"elementor-element elementor-element-85316cc elementor-widget elementor-widget-text-editor\" data-id=\"85316cc\" data-element_type=\"widget\" data-widget_type=\"text-editor.default\"><div class=\"elementor-widget-container\"><p>Et oui c&#8217;est bien un micro festival qui sera organis\u00e9<strong> le 17 septembre 2023\u00a0<\/strong>lors de la journ\u00e9e sans voiture \u00e0 Bruxelles !<\/p><p>A cette occasion, votez pour votre fresque pr\u00e9f\u00e9r\u00e9e qui habillera les futurs murs de l&#8217;\u00e9cole Chauss\u00e9e de Haecht.<\/p><p>On vous y attend nombreux.ses !<\/p><\/div><\/div><\/div><\/div><\/div><\/section>\t\t\t\t\t\t<\/div>\n\t\t\t\t<\/div>\n\t\t\t\t\t<\/div>\n\t\t<\/div>\n\t\t\t\t\t\t\t<\/div>\n\t\t<\/section>\n\t\t\t\t<section class=\"elementor-section elementor-top-section elementor-element elementor-element-ac59d21 elementor-section-boxed elementor-section-height-default elementor-section-height-default\" data-id=\"ac59d21\" data-element_type=\"section\">\n\t\t\t\t\t\t<div class=\"elementor-container elementor-column-gap-default\">\n\t\t\t\t\t<div class=\"elementor-column elementor-col-100 elementor-top-column elementor-element elementor-element-15230a2\" data-id=\"15230a2\" data-element_type=\"column\">\n\t\t\t<div class=\"elementor-widget-wrap elementor-element-populated\">\n\t\t\t\t\t\t\t\t<div class=\"elementor-element elementor-element-fdb2357 elementor-widget elementor-widget-spacer\" data-id=\"fdb2357\" data-element_type=\"widget\" data-widget_type=\"spacer.default\">\n\t\t\t\t<div class=\"elementor-widget-container\">\n\t\t\t\t\t<div class=\"elementor-spacer\">\n\t\t\t<div class=\"elementor-spacer-inner\"><\/div>\n\t\t<\/div>\n\t\t\t\t<\/div>\n\t\t\t\t<\/div>\n\t\t\t\t<div class=\"elementor-element elementor-element-ac308ab elementor-widget elementor-widget-image\" data-id=\"ac308ab\" data-element_type=\"widget\" data-widget_type=\"image.default\">\n\t\t\t\t<div class=\"elementor-widget-container\">\n\t\t\t\t\t\t\t\t\t\t\t\t\t\t\t<img loading=\"lazy\" decoding=\"async\" width=\"3704\" height=\"725\" src=\"https:\/\/poggeparpogge.be\/wp-content\/uploads\/2022\/12\/Bannieres-06-1.png\" class=\"attachment-full size-full wp-image-504\" alt=\"\" srcset=\"https:\/\/poggeparpogge.be\/wp-content\/uploads\/2022\/12\/Bannieres-06-1.png 3704w, https:\/\/poggeparpogge.be\/wp-content\/uploads\/2022\/12\/Bannieres-06-1-300x59.png 300w, https:\/\/poggeparpogge.be\/wp-content\/uploads\/2022\/12\/Bannieres-06-1-1024x200.png 1024w, https:\/\/poggeparpogge.be\/wp-content\/uploads\/2022\/12\/Bannieres-06-1-768x150.png 768w, https:\/\/poggeparpogge.be\/wp-content\/uploads\/2022\/12\/Bannieres-06-1-1536x301.png 1536w, https:\/\/poggeparpogge.be\/wp-content\/uploads\/2022\/12\/Bannieres-06-1-2048x401.png 2048w\" sizes=\"auto, (max-width: 3704px) 100vw, 3704px\" \/>\t\t\t\t\t\t\t\t\t\t\t\t\t\t\t<\/div>\n\t\t\t\t<\/div>\n\t\t\t\t\t<\/div>\n\t\t<\/div>\n\t\t\t\t\t\t\t<\/div>\n\t\t<\/section>\n\t\t\t\t\t\t\t<\/div>\n\t\t","protected":false},"excerpt":{"rendered":"<p>LE PROJET ACTUALIT\u00c9S l&#8217;\u00e9quipe Quoi ? Un festival ?! Et oui c&#8217;est bien un micro festival qui sera organis\u00e9 le 17 septembre 2023\u00a0lors de la journ\u00e9e sans voiture \u00e0 Bruxelles ! A cette occasion, votez pour votre fresque pr\u00e9f\u00e9r\u00e9e qui habillera les futurs murs de l&#8217;\u00e9cole Chauss\u00e9e de Haecht. On vous y attend nombreux.ses !<\/p>\n","protected":false},"author":1,"featured_media":0,"parent":0,"menu_order":0,"comment_status":"closed","ping_status":"closed","template":"","meta":{"footnotes":""},"class_list":["post-1323","page","type-page","status-publish","hentry"],"_links":{"self":[{"href":"https:\/\/poggeparpogge.be\/index.php\/wp-json\/wp\/v2\/pages\/1323","targetHints":{"allow":["GET"]}}],"collection":[{"href":"https:\/\/poggeparpogge.be\/index.php\/wp-json\/wp\/v2\/pages"}],"about":[{"href":"https:\/\/poggeparpogge.be\/index.php\/wp-json\/wp\/v2\/types\/page"}],"author":[{"embeddable":true,"href":"https:\/\/poggeparpogge.be\/index.php\/wp-json\/wp\/v2\/users\/1"}],"replies":[{"embeddable":true,"href":"https:\/\/poggeparpogge.be\/index.php\/wp-json\/wp\/v2\/comments?post=1323"}],"version-history":[{"count":24,"href":"https:\/\/poggeparpogge.be\/index.php\/wp-json\/wp\/v2\/pages\/1323\/revisions"}],"predecessor-version":[{"id":1555,"href":"https:\/\/poggeparpogge.be\/index.php\/wp-json\/wp\/v2\/pages\/1323\/revisions\/1555"}],"wp:attachment":[{"href":"https:\/\/poggeparpogge.be\/index.php\/wp-json\/wp\/v2\/media?parent=1323"}],"curies":[{"name":"wp","href":"https:\/\/api.w.org\/{rel}","templated":true}]}}