{"id":1361,"date":"2022-12-08T18:44:37","date_gmt":"2022-12-08T17:44:37","guid":{"rendered":"http:\/\/poggeparpogge.be\/?page_id=1361"},"modified":"2022-12-20T16:18:42","modified_gmt":"2022-12-20T15:18:42","slug":"contact-2","status":"publish","type":"page","link":"https:\/\/poggeparpogge.be\/index.php\/contact-2\/","title":{"rendered":"EQUIPE"},"content":{"rendered":"\t\t<div data-elementor-type=\"wp-page\" data-elementor-id=\"1361\" class=\"elementor elementor-1361\">\n\t\t\t\t\t\t\t\t\t<header class=\"elementor-section elementor-top-section elementor-element elementor-element-9b8ea44 elementor-section-stretched elementor-section-boxed elementor-section-height-default elementor-section-height-default\" data-id=\"9b8ea44\" data-element_type=\"section\" data-settings=\"{&quot;stretch_section&quot;:&quot;section-stretched&quot;}\">\n\t\t\t\t\t\t<div class=\"elementor-container elementor-column-gap-narrow\">\n\t\t\t\t\t<div class=\"elementor-column elementor-col-50 elementor-top-column elementor-element elementor-element-46d5864\" data-id=\"46d5864\" data-element_type=\"column\">\n\t\t\t<div class=\"elementor-widget-wrap elementor-element-populated\">\n\t\t\t\t\t\t\t\t<div class=\"elementor-element elementor-element-7f4843f elementor-widget elementor-widget-image\" data-id=\"7f4843f\" data-element_type=\"widget\" data-widget_type=\"image.default\">\n\t\t\t\t<div class=\"elementor-widget-container\">\n\t\t\t<style>\/*! elementor - v3.9.0 - 06-12-2022 *\/\n.elementor-widget-image{text-align:center}.elementor-widget-image a{display:inline-block}.elementor-widget-image a img[src$=\".svg\"]{width:48px}.elementor-widget-image img{vertical-align:middle;display:inline-block}<\/style>\t\t\t\t\t\t\t\t\t\t\t\t\t<a href=\"http:\/\/poggeparpogge.be\/\">\n\t\t\t\t\t\t\t<img loading=\"lazy\" decoding=\"async\" width=\"150\" height=\"150\" src=\"https:\/\/poggeparpogge.be\/wp-content\/uploads\/2022\/12\/logo-pogge-par-pogge-150x150.jpeg\" class=\"attachment-thumbnail size-thumbnail wp-image-1330\" alt=\"\" srcset=\"https:\/\/poggeparpogge.be\/wp-content\/uploads\/2022\/12\/logo-pogge-par-pogge-150x150.jpeg 150w, https:\/\/poggeparpogge.be\/wp-content\/uploads\/2022\/12\/logo-pogge-par-pogge-300x300.jpeg 300w, https:\/\/poggeparpogge.be\/wp-content\/uploads\/2022\/12\/logo-pogge-par-pogge-1024x1024.jpeg 1024w, https:\/\/poggeparpogge.be\/wp-content\/uploads\/2022\/12\/logo-pogge-par-pogge-768x768.jpeg 768w, https:\/\/poggeparpogge.be\/wp-content\/uploads\/2022\/12\/logo-pogge-par-pogge-1536x1536.jpeg 1536w, https:\/\/poggeparpogge.be\/wp-content\/uploads\/2022\/12\/logo-pogge-par-pogge.jpeg 2048w\" sizes=\"auto, (max-width: 150px) 100vw, 150px\" \/>\t\t\t\t\t\t\t\t<\/a>\n\t\t\t\t\t\t\t\t\t\t\t\t\t\t\t<\/div>\n\t\t\t\t<\/div>\n\t\t\t\t\t<\/div>\n\t\t<\/div>\n\t\t\t\t<div class=\"elementor-column elementor-col-50 elementor-top-column elementor-element elementor-element-ee9c3e4\" data-id=\"ee9c3e4\" data-element_type=\"column\">\n\t\t\t<div class=\"elementor-widget-wrap elementor-element-populated\">\n\t\t\t\t\t\t\t\t<div class=\"elementor-element elementor-element-c7d4f5f elementor-align-left elementor-tablet-align-center elementor-mobile-align-left elementor-widget elementor-widget-button\" data-id=\"c7d4f5f\" data-element_type=\"widget\" data-widget_type=\"button.default\">\n\t\t\t\t<div class=\"elementor-widget-container\">\n\t\t\t\t\t<div class=\"elementor-button-wrapper\">\n\t\t\t<a href=\"http:\/\/poggeparpogge.be\/index.php\/projet\/\" class=\"elementor-button-link elementor-button elementor-size-xs\" role=\"button\">\n\t\t\t\t\t\t<span class=\"elementor-button-content-wrapper\">\n\t\t\t\t\t\t<span class=\"elementor-button-text\">LE PROJET<\/span>\n\t\t<\/span>\n\t\t\t\t\t<\/a>\n\t\t<\/div>\n\t\t\t\t<\/div>\n\t\t\t\t<\/div>\n\t\t\t\t<div class=\"elementor-element elementor-element-449caab elementor-align-left elementor-tablet-align-center elementor-mobile-align-left elementor-widget elementor-widget-button\" data-id=\"449caab\" data-element_type=\"widget\" data-widget_type=\"button.default\">\n\t\t\t\t<div class=\"elementor-widget-container\">\n\t\t\t\t\t<div class=\"elementor-button-wrapper\">\n\t\t\t<a href=\"http:\/\/poggeparpogge.be\/index.php\/actualites-2\" class=\"elementor-button-link elementor-button elementor-size-xs\" role=\"button\">\n\t\t\t\t\t\t<span class=\"elementor-button-content-wrapper\">\n\t\t\t\t\t\t<span class=\"elementor-button-text\">ACTUALIT\u00c9S<\/span>\n\t\t<\/span>\n\t\t\t\t\t<\/a>\n\t\t<\/div>\n\t\t\t\t<\/div>\n\t\t\t\t<\/div>\n\t\t\t\t<div class=\"elementor-element elementor-element-b826984 elementor-tablet-align-center elementor-mobile-align-left elementor-widget elementor-widget-button\" data-id=\"b826984\" data-element_type=\"widget\" data-widget_type=\"button.default\">\n\t\t\t\t<div class=\"elementor-widget-container\">\n\t\t\t\t\t<div class=\"elementor-button-wrapper\">\n\t\t\t<a href=\"#\" class=\"elementor-button-link elementor-button elementor-size-xs\" role=\"button\">\n\t\t\t\t\t\t<span class=\"elementor-button-content-wrapper\">\n\t\t\t\t\t\t<span class=\"elementor-button-text\">l'\u00e9quipe<\/span>\n\t\t<\/span>\n\t\t\t\t\t<\/a>\n\t\t<\/div>\n\t\t\t\t<\/div>\n\t\t\t\t<\/div>\n\t\t\t\t\t<\/div>\n\t\t<\/div>\n\t\t\t\t\t\t\t<\/div>\n\t\t<\/header>\n\t\t\t\t<section class=\"elementor-section elementor-top-section elementor-element elementor-element-278b50b elementor-section-boxed elementor-section-height-default elementor-section-height-default\" data-id=\"278b50b\" data-element_type=\"section\">\n\t\t\t\t\t\t<div class=\"elementor-container elementor-column-gap-default\">\n\t\t\t\t\t<div class=\"elementor-column elementor-col-100 elementor-top-column elementor-element elementor-element-7abf56e\" data-id=\"7abf56e\" data-element_type=\"column\">\n\t\t\t<div class=\"elementor-widget-wrap elementor-element-populated\">\n\t\t\t\t\t\t\t\t<div class=\"elementor-element elementor-element-88f78db elementor-widget elementor-widget-spacer\" data-id=\"88f78db\" data-element_type=\"widget\" data-widget_type=\"spacer.default\">\n\t\t\t\t<div class=\"elementor-widget-container\">\n\t\t\t<style>\/*! elementor - v3.9.0 - 06-12-2022 *\/\n.elementor-column .elementor-spacer-inner{height:var(--spacer-size)}.e-con{--container-widget-width:100%}.e-con-inner>.elementor-widget-spacer,.e-con>.elementor-widget-spacer{width:var(--container-widget-width,var(--spacer-size));--align-self:var(--container-widget-align-self,initial);--flex-shrink:0}.e-con-inner>.elementor-widget-spacer>.elementor-widget-container,.e-con-inner>.elementor-widget-spacer>.elementor-widget-container>.elementor-spacer,.e-con>.elementor-widget-spacer>.elementor-widget-container,.e-con>.elementor-widget-spacer>.elementor-widget-container>.elementor-spacer{height:100%}.e-con-inner>.elementor-widget-spacer>.elementor-widget-container>.elementor-spacer>.elementor-spacer-inner,.e-con>.elementor-widget-spacer>.elementor-widget-container>.elementor-spacer>.elementor-spacer-inner{height:var(--container-widget-height,var(--spacer-size))}<\/style>\t\t<div class=\"elementor-spacer\">\n\t\t\t<div class=\"elementor-spacer-inner\"><\/div>\n\t\t<\/div>\n\t\t\t\t<\/div>\n\t\t\t\t<\/div>\n\t\t\t\t\t<\/div>\n\t\t<\/div>\n\t\t\t\t\t\t\t<\/div>\n\t\t<\/section>\n\t\t\t\t<section class=\"elementor-section elementor-top-section elementor-element elementor-element-2c23f7c elementor-section-boxed elementor-section-height-default elementor-section-height-default\" data-id=\"2c23f7c\" data-element_type=\"section\">\n\t\t\t\t\t\t<div class=\"elementor-container elementor-column-gap-default\">\n\t\t\t\t\t<div class=\"elementor-column elementor-col-33 elementor-top-column elementor-element elementor-element-f6848ef\" data-id=\"f6848ef\" data-element_type=\"column\">\n\t\t\t<div class=\"elementor-widget-wrap\">\n\t\t\t\t\t\t\t\t\t<\/div>\n\t\t<\/div>\n\t\t\t\t<div class=\"elementor-column elementor-col-33 elementor-top-column elementor-element elementor-element-9b6a92e\" data-id=\"9b6a92e\" data-element_type=\"column\">\n\t\t\t<div class=\"elementor-widget-wrap elementor-element-populated\">\n\t\t\t\t\t\t\t\t<div class=\"elementor-element elementor-element-4a19e26 elementor-widget elementor-widget-text-editor\" data-id=\"4a19e26\" data-element_type=\"widget\" data-widget_type=\"text-editor.default\">\n\t\t\t\t<div class=\"elementor-widget-container\">\n\t\t\t<style>\/*! elementor - v3.9.0 - 06-12-2022 *\/\n.elementor-widget-text-editor.elementor-drop-cap-view-stacked .elementor-drop-cap{background-color:#818a91;color:#fff}.elementor-widget-text-editor.elementor-drop-cap-view-framed .elementor-drop-cap{color:#818a91;border:3px solid;background-color:transparent}.elementor-widget-text-editor:not(.elementor-drop-cap-view-default) .elementor-drop-cap{margin-top:8px}.elementor-widget-text-editor:not(.elementor-drop-cap-view-default) .elementor-drop-cap-letter{width:1em;height:1em}.elementor-widget-text-editor .elementor-drop-cap{float:left;text-align:center;line-height:1;font-size:50px}.elementor-widget-text-editor .elementor-drop-cap-letter{display:inline-block}<\/style>\t\t\t\t<p>SKOPE, le collectif Dallas, Freskolab et ETH s&#8217;associent pour former une \u00e9quipe pluridisciplinaire d&#8217;architectes, d&#8217;architectes-constructeurs et d&#8217;artistes.<\/p><p><strong>SKOPE<\/strong> accomplit des missions d\u2019auteur de projet en conception et r\u00e9alisation pour des ma\u00eetres de l\u2019ouvrage priv\u00e9s et publics. Que ce soit dans le domaine de l\u2019urbanisme, du paysage et de l\u2019architecture, le bureau SKOPE a l\u2019habitude de coordonner des projets d\u2019ampleur aux multiples acteurs.\u00a0<\/p><p><strong>Dallas<\/strong> est un collectif d\u2019architectes-constructeurs qui intervient sur des projets de natures et d\u2019\u00e9chelles diverses. Le collectif questionne les usages, les pratiques et les perceptions de l\u2019espace et de la ville au travers des r\u00e9ponses singuli\u00e8res exp\u00e9rimentales et souvent ludiques. La phase de \u201cchantier\u201d est un temps important dans leur processus durant lequel les locaux sont invit\u00e9s \u00e0 prendre part et \u00e0 s\u2019investir dans la r\u00e9alisation du projet.<\/p><p><strong>Freskolab<\/strong> est un collectif d\u2019artistes qui propose des fresques murales pour des ma\u00eetres de l\u2019ouvrage priv\u00e9s et publics. Le collectif apporte une r\u00e9flexion au cas par cas afin de proposer une r\u00e9ponse appropri\u00e9e \u00e0 chacun des sites sur lesquels il op\u00e8re. Par ailleurs, les membres du collectif ont une exp\u00e9rience dans l\u2019organisation d\u2019ateliers artistiques, en particulier chez les jeunes<\/p><p><strong>ETH<\/strong> accompagne l\u2019\u00e9quipe d\u2019auteurs de projet afin de proposer une \u00e9quipe compl\u00e8te de conception et r\u00e9alisation. L\u2019exp\u00e9rience de l\u2019entreprise g\u00e9n\u00e9rale assure la bonne mise en oeuvre du projet.<\/p><p>La participation est assur\u00e9e par l\u2019ensemble des auteurs de projet. Habitu\u00e9e et soucieuse d\u2019inclure le quartier et ses divers usagers au sein du projet, l\u2019\u00e9quipe propose des ateliers ouverts.\u00a0<\/p><p>\u00a0<\/p><ul><li><a href=\"https:\/\/www.facebook.com\/profile.php?id=100088485939827\">PAGE FACEBOOK du projet<\/a><\/li><\/ul><ul><li>SKOPE : <a href=\"https:\/\/skope.be\/\">site<\/a>\u00a0| <a href=\"https:\/\/www.instagram.com\/skope_be\/\">instagram<\/a> | <a href=\"http:\/\/facebook.com\/search\/top?q=skope\">facebook<\/a> | contact@skope.be | 02 538 62 82<\/li><li>DALLAS : <a href=\"https:\/\/collectifdallas.eu\/\">site<\/a> | <a href=\"https:\/\/www.instagram.com\/collectifdallas\/\">instagram<\/a> | <a href=\"https:\/\/www.facebook.com\/collectifdallas\/\">facebook <\/a>| collectifdallas@gmail.com<\/li><\/ul><ul><li>FRESKOLAB : <a href=\"https:\/\/instagram.com\/fresko.lab\">instagram<\/a> | <a href=\"https:\/\/www.facebook.com\/wearefreskolab\/\">facebook<\/a><\/li><\/ul>\t\t\t\t\t\t<\/div>\n\t\t\t\t<\/div>\n\t\t\t\t\t<\/div>\n\t\t<\/div>\n\t\t\t\t<div class=\"elementor-column elementor-col-33 elementor-top-column elementor-element elementor-element-b9df1de\" data-id=\"b9df1de\" data-element_type=\"column\">\n\t\t\t<div class=\"elementor-widget-wrap\">\n\t\t\t\t\t\t\t\t\t<\/div>\n\t\t<\/div>\n\t\t\t\t\t\t\t<\/div>\n\t\t<\/section>\n\t\t\t\t<section class=\"elementor-section elementor-top-section elementor-element elementor-element-ac59d21 elementor-section-boxed elementor-section-height-default elementor-section-height-default\" data-id=\"ac59d21\" data-element_type=\"section\">\n\t\t\t\t\t\t<div class=\"elementor-container elementor-column-gap-default\">\n\t\t\t\t\t<div class=\"elementor-column elementor-col-100 elementor-top-column elementor-element elementor-element-15230a2\" data-id=\"15230a2\" data-element_type=\"column\">\n\t\t\t<div class=\"elementor-widget-wrap elementor-element-populated\">\n\t\t\t\t\t\t\t\t<div class=\"elementor-element elementor-element-fdb2357 elementor-widget elementor-widget-spacer\" data-id=\"fdb2357\" data-element_type=\"widget\" data-widget_type=\"spacer.default\">\n\t\t\t\t<div class=\"elementor-widget-container\">\n\t\t\t\t\t<div class=\"elementor-spacer\">\n\t\t\t<div class=\"elementor-spacer-inner\"><\/div>\n\t\t<\/div>\n\t\t\t\t<\/div>\n\t\t\t\t<\/div>\n\t\t\t\t<div class=\"elementor-element elementor-element-ac308ab elementor-widget elementor-widget-image\" data-id=\"ac308ab\" data-element_type=\"widget\" data-widget_type=\"image.default\">\n\t\t\t\t<div class=\"elementor-widget-container\">\n\t\t\t\t\t\t\t\t\t\t\t\t\t\t\t<img loading=\"lazy\" decoding=\"async\" width=\"3704\" height=\"725\" src=\"https:\/\/poggeparpogge.be\/wp-content\/uploads\/2022\/12\/Bannieres-06-1.png\" class=\"attachment-full size-full wp-image-504\" alt=\"\" srcset=\"https:\/\/poggeparpogge.be\/wp-content\/uploads\/2022\/12\/Bannieres-06-1.png 3704w, https:\/\/poggeparpogge.be\/wp-content\/uploads\/2022\/12\/Bannieres-06-1-300x59.png 300w, https:\/\/poggeparpogge.be\/wp-content\/uploads\/2022\/12\/Bannieres-06-1-1024x200.png 1024w, https:\/\/poggeparpogge.be\/wp-content\/uploads\/2022\/12\/Bannieres-06-1-768x150.png 768w, https:\/\/poggeparpogge.be\/wp-content\/uploads\/2022\/12\/Bannieres-06-1-1536x301.png 1536w, https:\/\/poggeparpogge.be\/wp-content\/uploads\/2022\/12\/Bannieres-06-1-2048x401.png 2048w\" sizes=\"auto, (max-width: 3704px) 100vw, 3704px\" \/>\t\t\t\t\t\t\t\t\t\t\t\t\t\t\t<\/div>\n\t\t\t\t<\/div>\n\t\t\t\t\t<\/div>\n\t\t<\/div>\n\t\t\t\t\t\t\t<\/div>\n\t\t<\/section>\n\t\t\t\t\t\t\t<\/div>\n\t\t","protected":false},"excerpt":{"rendered":"<p>LE PROJET ACTUALIT\u00c9S l&#8217;\u00e9quipe SKOPE, le collectif Dallas, Freskolab et ETH s&#8217;associent pour former une \u00e9quipe pluridisciplinaire d&#8217;architectes, d&#8217;architectes-constructeurs et d&#8217;artistes. SKOPE accomplit des missions d\u2019auteur de projet en conception et r\u00e9alisation pour des ma\u00eetres de l\u2019ouvrage priv\u00e9s et publics. Que ce soit dans le domaine de l\u2019urbanisme, du paysage et de l\u2019architecture, le bureau [&hellip;]<\/p>\n","protected":false},"author":1,"featured_media":0,"parent":0,"menu_order":0,"comment_status":"closed","ping_status":"closed","template":"","meta":{"footnotes":""},"class_list":["post-1361","page","type-page","status-publish","hentry"],"_links":{"self":[{"href":"https:\/\/poggeparpogge.be\/index.php\/wp-json\/wp\/v2\/pages\/1361","targetHints":{"allow":["GET"]}}],"collection":[{"href":"https:\/\/poggeparpogge.be\/index.php\/wp-json\/wp\/v2\/pages"}],"about":[{"href":"https:\/\/poggeparpogge.be\/index.php\/wp-json\/wp\/v2\/types\/page"}],"author":[{"embeddable":true,"href":"https:\/\/poggeparpogge.be\/index.php\/wp-json\/wp\/v2\/users\/1"}],"replies":[{"embeddable":true,"href":"https:\/\/poggeparpogge.be\/index.php\/wp-json\/wp\/v2\/comments?post=1361"}],"version-history":[{"count":33,"href":"https:\/\/poggeparpogge.be\/index.php\/wp-json\/wp\/v2\/pages\/1361\/revisions"}],"predecessor-version":[{"id":1547,"href":"https:\/\/poggeparpogge.be\/index.php\/wp-json\/wp\/v2\/pages\/1361\/revisions\/1547"}],"wp:attachment":[{"href":"https:\/\/poggeparpogge.be\/index.php\/wp-json\/wp\/v2\/media?parent=1361"}],"curies":[{"name":"wp","href":"https:\/\/api.w.org\/{rel}","templated":true}]}}